{"id":2231,"date":"2025-07-29T03:32:48","date_gmt":"2025-07-29T03:32:48","guid":{"rendered":"https:\/\/saje.nz\/forest\/?page_id=2231"},"modified":"2025-08-15T13:01:56","modified_gmt":"2025-08-15T01:01:56","slug":"mcdonalds-fencing-construction","status":"publish","type":"page","link":"https:\/\/saje.nz\/forest\/mcdonalds-fencing-construction\/","title":{"rendered":"MCDONALDS FENCING CONSTRUCTION"},"content":{"rendered":"\t\t<div data-elementor-type=\"wp-page\" data-elementor-id=\"2231\" class=\"elementor elementor-2231\" data-elementor-post-type=\"page\">\n\t\t\t\t<div class=\"elementor-element elementor-element-4094ee7 e-flex e-con-boxed e-con e-parent\" data-id=\"4094ee7\" data-element_type=\"container\" data-settings=\"{&quot;background_background&quot;:&quot;classic&quot;}\">\n\t\t\t\t\t<div class=\"e-con-inner\">\n\t\t\t\t<div class=\"elementor-element elementor-element-fdaebc1 elementor-widget elementor-widget-image\" data-id=\"fdaebc1\" data-element_type=\"widget\" data-widget_type=\"image.default\">\n\t\t\t\t<div class=\"elementor-widget-container\">\n\t\t\t\t\t\t\t\t\t\t\t\t\t\t\t<img decoding=\"async\" width=\"215\" height=\"179\" src=\"https:\/\/saje.nz\/forest\/wp-content\/uploads\/2025\/07\/Logo-PNG-white.avif\" class=\"attachment-large size-large wp-image-2127\" alt=\"\" \/>\t\t\t\t\t\t\t\t\t\t\t\t\t\t\t<\/div>\n\t\t\t\t<\/div>\n\t\t\t\t\t<\/div>\n\t\t\t\t<\/div>\n\t\t<div class=\"elementor-element elementor-element-160919d e-flex e-con-boxed e-con e-parent\" data-id=\"160919d\" data-element_type=\"container\">\n\t\t\t\t\t<div class=\"e-con-inner\">\n\t\t\t\t<div class=\"elementor-element elementor-element-ef3a3c9 elementor-widget elementor-widget-heading\" data-id=\"ef3a3c9\" data-element_type=\"widget\" data-widget_type=\"heading.default\">\n\t\t\t\t<div class=\"elementor-widget-container\">\n\t\t\t\t\t<h2 class=\"elementor-heading-title elementor-size-default\">MCDONALD FENCING &amp; CONSTRUCTION<\/h2>\t\t\t\t<\/div>\n\t\t\t\t<\/div>\n\t\t\t\t\t<\/div>\n\t\t\t\t<\/div>\n\t\t<div class=\"elementor-element elementor-element-e90f62c e-con-full e-flex e-con e-parent\" data-id=\"e90f62c\" data-element_type=\"container\">\n\t\t<div class=\"elementor-element elementor-element-0c682a2 e-con-full e-flex e-con e-child\" data-id=\"0c682a2\" data-element_type=\"container\">\n\t\t\t\t<div class=\"elementor-element elementor-element-4bdc37d elementor-widget elementor-widget-heading\" data-id=\"4bdc37d\" data-element_type=\"widget\" data-widget_type=\"heading.default\">\n\t\t\t\t<div class=\"elementor-widget-container\">\n\t\t\t\t\t<h3 class=\"elementor-heading-title elementor-size-default\">Conservation trust taps family firm for Gabrielle recovery push<\/h3>\t\t\t\t<\/div>\n\t\t\t\t<\/div>\n\t\t\t\t<div class=\"elementor-element elementor-element-5990b83 elementor-widget elementor-widget-text-editor\" data-id=\"5990b83\" data-element_type=\"widget\" data-widget_type=\"text-editor.default\">\n\t\t\t\t<div class=\"elementor-widget-container\">\n\t\t\t\t\t\t\t\t\t<p class=\"font_8 wixui-rich-text__text\">When Whakat\u0101ne earthworks contractor, fencer and family business owner Bain McDonald got the call for help from deep within the remote forests of mountainous inland Hawke\u2019s Bay, he didn\u2019t hesitate for a beat.<\/p><p class=\"font_8 wixui-rich-text__text\">\u201cYep \u2013 we\u2019re up for that. How soon do you need us?\u201d<\/p><p class=\"font_8 wixui-rich-text__text\">The call had come from Pete Shaw, forest manager at the Forest Lifeforce Restoration Trust. Pete and his team at the Trust had spent decades, and hundreds of thousands of dollars, improving and building a network of roads and access tracks across thousands of hectares owned by the Trust in the Maungataniwha Native Forest and an adjoining former pine forest, which the Trust is converting back into native bush in the largest project of its kind in the country.<\/p><p class=\"font_8 wixui-rich-text__text\">These roads, tracks, bridges and access infrastructure are vital for the Trust\u2019s conservation work. It runs one of the most prolific kiwi conservation projects, as well as initiatives designed to restore or protect populations of the endangered whio (Blue Duck) and flora such as the incredibly rare k\u0101k\u0101beak (ngutuk\u0101k\u0101)\u00a0 and various types of mistletoe. \u00a0<\/p><p class=\"font_8 wixui-rich-text__text\">Yet all this investment in infrastructure was wiped out in just a few hours in February 2023 when Storm Gabrielle wreaked havoc across Hawke\u2019s Bay.<\/p><p class=\"font_8 wixui-rich-text__text\">The pressure of millions of cubic metres of rainwater sluicing through the narrow valleys scoured riverbeds and overturned rocks the size of shopping- trolleys. Together, the water, debris and land slips eliminated hundreds of kilometres of hard-won roads, tracks and trails.<\/p><p class=\"font_8 wixui-rich-text__text\">Entire lengths of road and huge two-metre double-culverts were blown out by slash.<\/p><p class=\"font_8 wixui-rich-text__text\">William McDonald is Bain\u2019s son. He manages the family business, McDonald Fencing and Construction, and like his dad he understood immediately the implications for the Trust.<\/p><p class=\"font_8 wixui-rich-text__text\">The impact was illustrated clearly when Pete Shaw and his wife Jules spent three hours in the dark and cold of the small hours, walking out to collect a single kiwi egg for incubation and hatching.<\/p><p class=\"font_8 wixui-rich-text__text\">Before the storm that nest was just a four-minute walk from the nearest vehicle access point.<\/p>\t\t\t\t\t\t\t\t<\/div>\n\t\t\t\t<\/div>\n\t\t\t\t<div class=\"elementor-element elementor-element-2b4bf46 elementor-widget elementor-widget-text-editor\" data-id=\"2b4bf46\" data-element_type=\"widget\" data-widget_type=\"text-editor.default\">\n\t\t\t\t<div class=\"elementor-widget-container\">\n\t\t\t\t\t\t\t\t\t<p class=\"font_8 wixui-rich-text__text\">\u201cMultiply this additional time and effort across much of what the Trust\u2019s team and their network of volunteers do on a daily basis, like accessing pest trapping lines, and you\u2019ll get some idea of the impact on their work,\u201d William said.<\/p><p class=\"font_8 wixui-rich-text__text\">\u201cIt was essential to get our kit in quickly to fix their roads, trails and tracks.\u201d<\/p><p class=\"font_8 wixui-rich-text__text\">Bain and his wife Shorty loaded a 16-tonne excavator onto a transporter and set off for Maungataniwha. It\u2019s usually a five-hour drive from their base in Whakatane, but on a machine transporter it\u2019s a whole day event.<\/p><p class=\"font_8 wixui-rich-text__text\">\u201cIt\u2019s a long trip so Mum went down as well, just to make sure dad didn&#8217;t fall asleep at the wheel. In the end it got too late so they pulled over somewhere with a fantastic view, made a billy tea, watched the stars, went to sleep in the truck and carried on in the morning. No drama.\u201d<\/p><p class=\"font_8 wixui-rich-text__text\">It didn\u2019t take team McDonald very long to figure out an efficient and effective way to run the operation in such a remote location, and so far from base. With one operator on site at a time, they have evolved a week-long rotation that avoids excessive travel.<\/p><p class=\"font_8 wixui-rich-text__text\">\u201cit\u2019s tough on our operators if we tell them to go down there for a whole week, come out for two days and then go back down there for another week,\u201d William said. \u201cSo we\u2019ve set up a rotation where the operator goes down on a Monday, does a handover with the previous operator, then stays until the following Monday.\u201d<\/p><p class=\"font_8 wixui-rich-text__text\">The priority for the infrastructure recovery team is clearing the main roads and reinstating bridges and culverts.<\/p><p class=\"font_8 wixui-rich-text__text\">\u201cWe\u2019re clearing a lot of slips and other blockages, replacing blown-out culverts and moving a lot of rocks,\u201d William said. \u201cOpening up tracks one by one.\u201d<\/p><p class=\"font_8 wixui-rich-text__text\">The second phase of the operation will involve spreading gravel on the repaired road surfaces, and grading and rolling it.<\/p><p class=\"font_8 wixui-rich-text__text\">William said the company\u2019s operators enjoy the work, despite the remoteness.<\/p><p class=\"font_8 wixui-rich-text__text\">\u201cThey stay in the Trust\u2019s accommodation at Maungataniwha, an old logging camp with a fully functional kitchen and comfortable, heated living area, and they\u2019re pretty much their own boss for the time they\u2019re down there.<\/p><p class=\"font_8 wixui-rich-text__text\">\u201cSome of the boys are hunters and Pete has told them that they\u2019re welcome to shoot a deer or two if it\u2019s not near the accommodation and they don\u2019t take any stags.<\/p><p class=\"font_8 wixui-rich-text__text\">\u201cSo after work they\u2019re off into the bush. They don\u2019t need to go that far, there are so many deer down there. We\u2019ve got some pretty well-fed fellas who come back to Whakatane after a week working at Maungataniwha.\u201d\u00a0<\/p><p class=\"font_8 wixui-rich-text__text\">While the isolation might not be too much of a worry for the hunter-gatherer excavator operators from the Bay, it\u2019s certainly an issue when it comes to equipment repair and down-time. A repair that can\u2019t be made on site means some serious downtime while a replacement, or an engineer, is driven to Maungataniwha from either Napier or Whakatane.<\/p><p class=\"font_8 wixui-rich-text__text\">\u201cA repair to a hydraulic hose might normally take half an hour to fix. But for this job it might mean down-time of up to a full day,\u201d William said.\u00a0 \u201cSo the guys are well aware that they need to be efficient but careful.\u201d<\/p><p class=\"font_8 wixui-rich-text__text\">The Maungataniwha infrastructure repair project is not a cheap exercise. They\u2019re only part-way into the project but the McDonald Fencing and Construction crew have already notched up nearly 500 machine-hours. There are dozens of blown-out culverts across the block and with one second-hand culvert costing in the region of $10,000, and concreting, machinery and labour costs on top of that, replacement costs for a single culvert can easily come in at $30,000.<\/p><p class=\"font_8 wixui-rich-text__text\">The Trust estimates that basic repair work, just to get the access infrastructure back to what it was before Gabrielle struck, will cost several hundred thousand dollars.<\/p><p class=\"font_8 wixui-rich-text__text\">None of this is insurable, so the considerable expense involved is being met personally by the Trust\u2019s chairman and land-owner Simon Hall. Much of the money is being spent locally, with local or provincial suppliers and contractors like McDonald Fencing and Construction.<\/p><p class=\"font_8 wixui-rich-text__text\">The construction side of the McDonald business focuses predominantly on bulk earthworks and forestry infrastructure. Most of their work comes through the main forest management organisation such as, Timberlands, PF Olsen and Manulife, formerly Hancocks.<\/p><p class=\"font_8 wixui-rich-text__text\">It\u2019s a typical Kiwi family business; Bain and Shorty still work in it but now they\u2019re supported by William and their son-in-law Eru, who runs the fencing side of things, and they employ about 10 other people, including other family members.<\/p><p class=\"font_8 wixui-rich-text__text\">The family whakapapas back to Tainui and the business is classified as a M\u0101ori business, registered with Amotai, the supplier diversity intermediary tasked with connecting M\u0101ori and Pasifika-owned businesses with buyers wanting to purchase goods and services.<\/p><p class=\"font_8 wixui-rich-text__text\">The family has no plans to grow the business beyond anything that it already is, a good, stable, solid business employing local people to meet the needs of local customers.<\/p><p class=\"font_8 wixui-rich-text__text\">\u201cSurvival is our number one goal,\u201d William says. \u201cIt\u2019s a tough market out there, with heaps of competition. We have always and will continue to differentiate by the approach we have to customer service and the attitude that we bring to our work.<\/p><p class=\"font_8 wixui-rich-text__text\">\u201cThat\u2019s where having a small crew, all of whom are connected through family, social circles or other ties, helps. There\u2019s a feeling that we\u2019re all in it together, all looking out for each other.\u201d<\/p><p class=\"font_8 wixui-rich-text__text\">If something seems a little bit difficult, or out of the ordinary, the McDonald crew will always be keen to \u201cgive it a nudge\u201d.<\/p><p class=\"font_8 wixui-rich-text__text\">It\u2019s that attitude that prompted Pete Shaw to pick up the phone to Bain McDonald once the extent of the damage from Storm Gabrielle became clear. The very same attitude that led to Bain\u2019s response:<\/p><p class=\"font_8 wixui-rich-text__text\">\u201cYep \u2013 we\u2019re up for that. How soon do you need us?\u201d<\/p>\t\t\t\t\t\t\t\t<\/div>\n\t\t\t\t<\/div>\n\t\t\t\t<\/div>\n\t\t<div class=\"elementor-element elementor-element-5b47519 e-con-full e-flex e-con e-child\" data-id=\"5b47519\" data-element_type=\"container\">\n\t\t\t\t<div class=\"elementor-element elementor-element-cc91ee5 elementor-widget elementor-widget-image\" data-id=\"cc91ee5\" data-element_type=\"widget\" data-widget_type=\"image.default\">\n\t\t\t\t<div class=\"elementor-widget-container\">\n\t\t\t\t\t\t\t\t\t\t\t\t\t\t\t<img fetchpriority=\"high\" decoding=\"async\" width=\"768\" height=\"576\" src=\"https:\/\/saje.nz\/forest\/wp-content\/uploads\/2025\/08\/Local-suppliers-McDonald-1-768x576.jpeg\" class=\"attachment-medium_large size-medium_large wp-image-3001\" alt=\"\" srcset=\"https:\/\/saje.nz\/forest\/wp-content\/uploads\/2025\/08\/Local-suppliers-McDonald-1-768x576.jpeg 768w, https:\/\/saje.nz\/forest\/wp-content\/uploads\/2025\/08\/Local-suppliers-McDonald-1-300x225.jpeg 300w, https:\/\/saje.nz\/forest\/wp-content\/uploads\/2025\/08\/Local-suppliers-McDonald-1-1024x768.jpeg 1024w, https:\/\/saje.nz\/forest\/wp-content\/uploads\/2025\/08\/Local-suppliers-McDonald-1-1536x1152.jpeg 1536w, https:\/\/saje.nz\/forest\/wp-content\/uploads\/2025\/08\/Local-suppliers-McDonald-1.jpeg 2000w\" sizes=\"(max-width: 768px) 100vw, 768px\" \/>\t\t\t\t\t\t\t\t\t\t\t\t\t\t\t<\/div>\n\t\t\t\t<\/div>\n\t\t\t\t<div class=\"elementor-element elementor-element-c4b50f8 elementor-widget elementor-widget-image\" data-id=\"c4b50f8\" data-element_type=\"widget\" data-widget_type=\"image.default\">\n\t\t\t\t<div class=\"elementor-widget-container\">\n\t\t\t\t\t\t\t\t\t\t\t\t\t\t\t<img decoding=\"async\" width=\"2000\" height=\"1500\" src=\"https:\/\/saje.nz\/forest\/wp-content\/uploads\/2025\/08\/Local-suppliers-McDonald-2.jpeg\" class=\"attachment-full size-full wp-image-2977\" alt=\"\" srcset=\"https:\/\/saje.nz\/forest\/wp-content\/uploads\/2025\/08\/Local-suppliers-McDonald-2.jpeg 2000w, https:\/\/saje.nz\/forest\/wp-content\/uploads\/2025\/08\/Local-suppliers-McDonald-2-300x225.jpeg 300w, https:\/\/saje.nz\/forest\/wp-content\/uploads\/2025\/08\/Local-suppliers-McDonald-2-1024x768.jpeg 1024w, https:\/\/saje.nz\/forest\/wp-content\/uploads\/2025\/08\/Local-suppliers-McDonald-2-768x576.jpeg 768w, https:\/\/saje.nz\/forest\/wp-content\/uploads\/2025\/08\/Local-suppliers-McDonald-2-1536x1152.jpeg 1536w\" sizes=\"(max-width: 2000px) 100vw, 2000px\" \/>\t\t\t\t\t\t\t\t\t\t\t\t\t\t\t<\/div>\n\t\t\t\t<\/div>\n\t\t\t\t<div class=\"elementor-element elementor-element-9b51899 elementor-widget elementor-widget-image\" data-id=\"9b51899\" data-element_type=\"widget\" data-widget_type=\"image.default\">\n\t\t\t\t<div class=\"elementor-widget-container\">\n\t\t\t\t\t\t\t\t\t\t\t\t\t\t\t<img loading=\"lazy\" decoding=\"async\" width=\"2000\" height=\"1500\" src=\"https:\/\/saje.nz\/forest\/wp-content\/uploads\/2025\/08\/Local-suppliers-McDonald-4.jpeg\" class=\"attachment-full size-full wp-image-3003\" alt=\"\" srcset=\"https:\/\/saje.nz\/forest\/wp-content\/uploads\/2025\/08\/Local-suppliers-McDonald-4.jpeg 2000w, https:\/\/saje.nz\/forest\/wp-content\/uploads\/2025\/08\/Local-suppliers-McDonald-4-300x225.jpeg 300w, https:\/\/saje.nz\/forest\/wp-content\/uploads\/2025\/08\/Local-suppliers-McDonald-4-1024x768.jpeg 1024w, https:\/\/saje.nz\/forest\/wp-content\/uploads\/2025\/08\/Local-suppliers-McDonald-4-768x576.jpeg 768w, https:\/\/saje.nz\/forest\/wp-content\/uploads\/2025\/08\/Local-suppliers-McDonald-4-1536x1152.jpeg 1536w\" sizes=\"(max-width: 2000px) 100vw, 2000px\" \/>\t\t\t\t\t\t\t\t\t\t\t\t\t\t\t<\/div>\n\t\t\t\t<\/div>\n\t\t\t\t<div class=\"elementor-element elementor-element-5b30065 elementor-widget elementor-widget-image\" data-id=\"5b30065\" data-element_type=\"widget\" data-widget_type=\"image.default\">\n\t\t\t\t<div class=\"elementor-widget-container\">\n\t\t\t\t\t\t\t\t\t\t\t\t\t\t\t<img loading=\"lazy\" decoding=\"async\" width=\"2000\" height=\"1500\" src=\"https:\/\/saje.nz\/forest\/wp-content\/uploads\/2025\/08\/Local-suppliers-McDonald-3.jpeg\" class=\"attachment-full size-full wp-image-3004\" alt=\"\" srcset=\"https:\/\/saje.nz\/forest\/wp-content\/uploads\/2025\/08\/Local-suppliers-McDonald-3.jpeg 2000w, https:\/\/saje.nz\/forest\/wp-content\/uploads\/2025\/08\/Local-suppliers-McDonald-3-300x225.jpeg 300w, https:\/\/saje.nz\/forest\/wp-content\/uploads\/2025\/08\/Local-suppliers-McDonald-3-1024x768.jpeg 1024w, https:\/\/saje.nz\/forest\/wp-content\/uploads\/2025\/08\/Local-suppliers-McDonald-3-768x576.jpeg 768w, https:\/\/saje.nz\/forest\/wp-content\/uploads\/2025\/08\/Local-suppliers-McDonald-3-1536x1152.jpeg 1536w\" sizes=\"(max-width: 2000px) 100vw, 2000px\" \/>\t\t\t\t\t\t\t\t\t\t\t\t\t\t\t<\/div>\n\t\t\t\t<\/div>\n\t\t\t\t<\/div>\n\t\t\t\t<\/div>\n\t\t<div class=\"elementor-element elementor-element-957fbbd e-con-full e-flex e-con e-parent\" data-id=\"957fbbd\" data-element_type=\"container\">\n\t\t<div class=\"elementor-element elementor-element-b8fbfe1 e-con-full e-flex e-con e-child\" data-id=\"b8fbfe1\" data-element_type=\"container\">\n\t\t\t\t<\/div>\n\t\t\t\t<\/div>\n\t\t\t\t<\/div>\n\t\t","protected":false},"excerpt":{"rendered":"<p>MCDONALD FENCING &amp; CONSTRUCTION Conservation trust taps family firm for Gabrielle recovery push When Whakat\u0101ne earthworks contractor, fencer and family business owner Bain McDonald got the call for help from deep within the remote forests of mountainous inland Hawke\u2019s Bay, he didn\u2019t hesitate for a beat. \u201cYep \u2013 we\u2019re up for that. How soon do [&hellip;]<\/p>\n","protected":false},"author":1,"featured_media":0,"parent":0,"menu_order":0,"comment_status":"closed","ping_status":"closed","template":"","meta":{"site-sidebar-layout":"no-sidebar","site-content-layout":"page-builder","ast-site-content-layout":"full-width-container","site-content-style":"unboxed","site-sidebar-style":"unboxed","ast-global-header-display":"","ast-banner-title-visibility":"","ast-main-header-display":"","ast-hfb-above-header-display":"","ast-hfb-below-header-display":"","ast-hfb-mobile-header-display":"","site-post-title":"disabled","ast-breadcrumbs-content":"","ast-featured-img":"disabled","footer-sml-layout":"","theme-transparent-header-meta":"enabled","adv-header-id-meta":"","stick-header-meta":"","header-above-stick-meta":"","header-main-stick-meta":"","header-below-stick-meta":"","astra-migrate-meta-layouts":"set","ast-page-background-enabled":"default","ast-page-background-meta":{"desktop":{"background-color":"var(--ast-global-color-4)","background-image":"","background-repeat":"repeat","background-position":"center center","background-size":"auto","background-attachment":"scroll","background-type":"","background-media":"","overlay-type":"","overlay-color":"","overlay-opacity":"","overlay-gradient":""},"tablet":{"background-color":"","background-image":"","background-repeat":"repeat","background-position":"center center","background-size":"auto","background-attachment":"scroll","background-type":"","background-media":"","overlay-type":"","overlay-color":"","overlay-opacity":"","overlay-gradient":""},"mobile":{"background-color":"","background-image":"","background-repeat":"repeat","background-position":"center center","background-size":"auto","background-attachment":"scroll","background-type":"","background-media":"","overlay-type":"","overlay-color":"","overlay-opacity":"","overlay-gradient":""}},"ast-content-background-meta":{"desktop":{"background-color":"var(--ast-global-color-5)","background-image":"","background-repeat":"repeat","background-position":"center center","background-size":"auto","background-attachment":"scroll","background-type":"","background-media":"","overlay-type":"","overlay-color":"","overlay-opacity":"","overlay-gradient":""},"tablet":{"background-color":"var(--ast-global-color-5)","background-image":"","background-repeat":"repeat","background-position":"center center","background-size":"auto","background-attachment":"scroll","background-type":"","background-media":"","overlay-type":"","overlay-color":"","overlay-opacity":"","overlay-gradient":""},"mobile":{"background-color":"var(--ast-global-color-5)","background-image":"","background-repeat":"repeat","background-position":"center center","background-size":"auto","background-attachment":"scroll","background-type":"","background-media":"","overlay-type":"","overlay-color":"","overlay-opacity":"","overlay-gradient":""}},"footnotes":""},"class_list":["post-2231","page","type-page","status-publish","hentry"],"aioseo_notices":[],"_links":{"self":[{"href":"https:\/\/saje.nz\/forest\/wp-json\/wp\/v2\/pages\/2231","targetHints":{"allow":["GET"]}}],"collection":[{"href":"https:\/\/saje.nz\/forest\/wp-json\/wp\/v2\/pages"}],"about":[{"href":"https:\/\/saje.nz\/forest\/wp-json\/wp\/v2\/types\/page"}],"author":[{"embeddable":true,"href":"https:\/\/saje.nz\/forest\/wp-json\/wp\/v2\/users\/1"}],"replies":[{"embeddable":true,"href":"https:\/\/saje.nz\/forest\/wp-json\/wp\/v2\/comments?post=2231"}],"version-history":[{"count":10,"href":"https:\/\/saje.nz\/forest\/wp-json\/wp\/v2\/pages\/2231\/revisions"}],"predecessor-version":[{"id":3007,"href":"https:\/\/saje.nz\/forest\/wp-json\/wp\/v2\/pages\/2231\/revisions\/3007"}],"wp:attachment":[{"href":"https:\/\/saje.nz\/forest\/wp-json\/wp\/v2\/media?parent=2231"}],"curies":[{"name":"wp","href":"https:\/\/api.w.org\/{rel}","templated":true}]}}