{"id":2286,"date":"2025-07-29T05:12:18","date_gmt":"2025-07-29T05:12:18","guid":{"rendered":"https:\/\/saje.nz\/forest\/?page_id=2286"},"modified":"2025-08-15T13:23:04","modified_gmt":"2025-08-15T01:23:04","slug":"sheryl-collins","status":"publish","type":"page","link":"https:\/\/saje.nz\/forest\/sheryl-collins\/","title":{"rendered":"SHERYL COLLINS"},"content":{"rendered":"\t\t<div data-elementor-type=\"wp-page\" data-elementor-id=\"2286\" class=\"elementor elementor-2286\" data-elementor-post-type=\"page\">\n\t\t\t\t<div class=\"elementor-element elementor-element-4094ee7 e-flex e-con-boxed e-con e-parent\" data-id=\"4094ee7\" data-element_type=\"container\" data-settings=\"{&quot;background_background&quot;:&quot;classic&quot;}\">\n\t\t\t\t\t<div class=\"e-con-inner\">\n\t\t\t\t<div class=\"elementor-element elementor-element-fdaebc1 elementor-widget elementor-widget-image\" data-id=\"fdaebc1\" data-element_type=\"widget\" data-widget_type=\"image.default\">\n\t\t\t\t<div class=\"elementor-widget-container\">\n\t\t\t\t\t\t\t\t\t\t\t\t\t\t\t<img decoding=\"async\" width=\"215\" height=\"179\" src=\"https:\/\/saje.nz\/forest\/wp-content\/uploads\/2025\/07\/Logo-PNG-white.avif\" class=\"attachment-large size-large wp-image-2127\" alt=\"\" \/>\t\t\t\t\t\t\t\t\t\t\t\t\t\t\t<\/div>\n\t\t\t\t<\/div>\n\t\t\t\t\t<\/div>\n\t\t\t\t<\/div>\n\t\t<div class=\"elementor-element elementor-element-160919d e-flex e-con-boxed e-con e-parent\" data-id=\"160919d\" data-element_type=\"container\">\n\t\t\t\t\t<div class=\"e-con-inner\">\n\t\t\t\t<div class=\"elementor-element elementor-element-ef3a3c9 elementor-widget elementor-widget-heading\" data-id=\"ef3a3c9\" data-element_type=\"widget\" data-widget_type=\"heading.default\">\n\t\t\t\t<div class=\"elementor-widget-container\">\n\t\t\t\t\t<h2 class=\"elementor-heading-title elementor-size-default\">SHERYL COLLINS<\/h2>\t\t\t\t<\/div>\n\t\t\t\t<\/div>\n\t\t\t\t\t<\/div>\n\t\t\t\t<\/div>\n\t\t<div class=\"elementor-element elementor-element-e90f62c e-con-full e-flex e-con e-parent\" data-id=\"e90f62c\" data-element_type=\"container\">\n\t\t<div class=\"elementor-element elementor-element-0c682a2 e-con-full e-flex e-con e-child\" data-id=\"0c682a2\" data-element_type=\"container\">\n\t\t\t\t<div class=\"elementor-element elementor-element-4bdc37d elementor-widget elementor-widget-heading\" data-id=\"4bdc37d\" data-element_type=\"widget\" data-widget_type=\"heading.default\">\n\t\t\t\t<div class=\"elementor-widget-container\">\n\t\t\t\t\t<h3 class=\"elementor-heading-title elementor-size-default\">Kiwi conservation volunteer says tough, hard and exhausting work delivers the best 'high' ever<\/h3>\t\t\t\t<\/div>\n\t\t\t\t<\/div>\n\t\t\t\t<div class=\"elementor-element elementor-element-5990b83 elementor-widget elementor-widget-text-editor\" data-id=\"5990b83\" data-element_type=\"widget\" data-widget_type=\"text-editor.default\">\n\t\t\t\t<div class=\"elementor-widget-container\">\n\t\t\t\t\t\t\t\t\t<p class=\"font_8 wixui-rich-text__text\">So here&#8217;s a question for you. What do kiwi have in common with crayfish?<\/p><p class=\"font_8 wixui-rich-text__text\">No? Here&#8217;s a clue: the answer can often be found deep in the forests of inland Hawke&#8217;s Bay, tramping through ferny undergrowth, face-down in leaf-litter and loamy soil, or on a ridgeline somewhere, listening intently for the electronic &#8216;ping&#8217; of a transmitter locator signal.<\/p><p class=\"font_8 wixui-rich-text__text\">Still no? Well, the answer is Sheryl Collins, our extraordinarily dedicated volunteer kiwi wrangler who used to spend days on end at sea, cooped up on a fishing boat somewhere between Wellington and the Three Kings Islands north of Cape Reinga, monitoring the crayfish catch and collecting data for research purposes.<\/p><p class=\"font_8 wixui-rich-text__text\">These days she&#8217;s pulled back from a lot of the long-duration boat work, preferring to leave that to her daughter, but from time to time will still do short stints in the M\u0101hia and Gisborne areas.<\/p><p class=\"font_8 wixui-rich-text__text\">This is so she can focus on &#8220;chasing birds around the bush&#8221; on our Maungataniwha property, something she finds infinitely preferable to riding the featureless, monotonous swells of the Pacific &#8211; the only woman on a boat full of fishermen.<\/p><p class=\"font_8 wixui-rich-text__text\">In fact, it&#8217;s not just preferable &#8211; it&#8217;s work that Sheryl (Ng\u0101ti Porou) finds stimulating and rewarding in a way that she finds hard to describe. Which is just as well really because, as an unpaid volunteer, she is literally doing it for love.\u00a0<\/p><p class=\"font_8 wixui-rich-text__text\">Sheryl is a vital member of the Forest Lifeforce Restoration Trust\u2019s small but exceedingly dedicated kiwi conservation team. This group oversees the Maungataniwha Kiwi Project, one of the most prolific and successful kiwi conservation initiatives in the country. \u00a0<\/p>\t\t\t\t\t\t\t\t<\/div>\n\t\t\t\t<\/div>\n\t\t\t\t<div class=\"elementor-element elementor-element-2b4bf46 elementor-widget elementor-widget-text-editor\" data-id=\"2b4bf46\" data-element_type=\"widget\" data-widget_type=\"text-editor.default\">\n\t\t\t\t<div class=\"elementor-widget-container\">\n\t\t\t\t\t\t\t\t\t<p class=\"font_8 wixui-rich-text__text\">She and her partner Simon Anderson, a kiwi trapping, mapping and data collection specialist, work closely with Tamsin Ward-Smith and Nadine Maue of Wild Solutions, the Trust\u2019s chairman Simon Hall and kiwi expert Dr John McLennan, along with a raft of other volunteers. Together they drive the \u2018Circle of Life\u2019 that is kiwi conservation; retrieving kiwi eggs from the forests that the Trust stewards, speeding them to specialist facilities for incubation and hatching, delivering the hatchlings to protected \u2018cr\u00e8ches\u2019 for rearing until they are old enough to defend themselves in the wild from a host of predators, and then finally relocating the large juvenile birds back into the forests from which their eggs were recovered originally.\u00a0\u00a0<\/p><p class=\"font_8 wixui-rich-text__text\">Sheryl&#8217;s association with the Trust, and our kiwi conservation work, started back in 2008 when she, Simon and their two daughters started spending a few weeks each summer at Hole Hut on our property in the Maungataniwha Native Forest. One day in 2012, during one of these visits, our forest manager Pete Shaw called in and asked the family if they be interested in taking part in an egg-lift that night.\u00a0<\/p><p class=\"font_8 wixui-rich-text__text\">At dusk Sheryl and her daughter Michaela joined the egg-lift team on quad bikes.\u00a0<\/p><p class=\"font_8 wixui-rich-text__text\">&#8220;It was a 45-minute ride along a track into the forest, through drizzle with bambis (deer) jumping out in front of the quads and staring into the lights.\u00a0<\/p><p class=\"font_8 wixui-rich-text__text\">&#8220;After a bit of training on how to monitor the transmitter attached to the adult male bird who was sitting on the eggs in the nest, we settled into watch and wait mode &#8211; taking turns at checking the signal. \u00a0<\/p><p class=\"font_8 wixui-rich-text__text\">&#8220;Just after 3am we got a signal indicating that he&#8217;d left the nest and was on the move, foraging for food. With fingers, toes and everything else that we could cross, crossed, we walked to the nest site. There, the experts dropped down and opened the nest &#8211; revealing two large, gorgeous and well-developed eggs.&#8221;\u00a0<\/p><p class=\"font_8 wixui-rich-text__text\">These were extracted gingerly and the team then started the slow, careful trip back to camp with the eggs cushioned inside small chilly bins.\u00a0<\/p><p class=\"font_8 wixui-rich-text__text\">&#8220;The excitement was huge and we arrived back at camp feeling on top of the world,&#8221; Sheryl wrote later, on the tenth anniversary of that trip. &#8220;That was the start of it for me. I was hooked from that moment. Now I live for the next trip into Maungataniwha to work with kiwi. It&#8217;s tough, hard and exhausting work but the feeling of getting the job done is the best &#8216;high&#8217; ever.&#8221; \u00a0<\/p><p class=\"font_8 wixui-rich-text__text\">Since that night in 2012 Sheryl has been involved with pretty much every aspect of the Maungataniwha Kiwi Project&#8217;s mahi; from working with specialist dog teams to find and &#8216;tag&#8217; new adult male birds, through to sitting out in the forest overnight to listen for kiwi calls as part of the annual population survey, tracking birds fitted with transmitters, taking part in egg-lifts, and introducing kiwi chicks back into the forests from where their eggs came.\u00a0<\/p><p class=\"font_8 wixui-rich-text__text\">She also helps her partner Simon with his work to develop a revolutionary new system that will help map individual birds in any given area, gather data and assess population numbers more accurately than ever before. Much of the development of this technology is taking place at Maungataniwha, aided by its healthy collection of &#8216;transmittered&#8217; kiwi.\u00a0<\/p><p class=\"font_8 wixui-rich-text__text\">Sheryl&#8217;s dedication to the survival of our national icon is illustrated well by her marathon drive in March 2020, the day before NZ went into full COVID lockdown for the first time.\u00a0<\/p><p class=\"font_8 wixui-rich-text__text\">\u00a0She travelled from her home in \u014cp\u014dtiki to the National Kiwi Hatchery in Rotorua to pick up two small juvenile birds destined for protective cr\u00e8ching at Save the Kiwi&#8217;s facility in Napier. On reaching the coast and depositing her two feathered passengers, she picked up two larger juveniles before retracing her journey back up State Highway 5, bound for the Trust&#8217;s property at Pohokura where the two larger birds were due to be released back into the wild.\u00a0<\/p><p class=\"font_8 wixui-rich-text__text\">Sheryl spent 11 hours on the road that day, travelling over 700kms. Just to make sure the birds got to their forever homes before we went into full lockdown.\u00a0<\/p><p class=\"font_8 wixui-rich-text__text\">She&#8217;s also been known to come straight off a crayfish boat in M\u0101hia to do an egg-lift at Maungataniwha that same night.\u00a0<\/p><p class=\"font_8 wixui-rich-text__text\">FLRT Chairman Simon Hall is blown away by this level of dedication and says it&#8217;s typical of the kiwi conservation community.\u00a0<\/p><p class=\"font_8 wixui-rich-text__text\">\u201cPeople don&#8217;t realise how much kiwi conservation work is done by good people like Sheryl,&#8221; he said. &#8220;So much of it is about friends, neighbours and our volunteers banding together to protect our national icon. Frequently in the dark and the cold and the pouring rain. They do it for love \u2013 literally.\u201d \u00a0<\/p><p class=\"font_8 wixui-rich-text__text\">As for Sheryl? Well, her view is simple. &#8220;Even when it&#8217;s dark, cold and pissing down with rain there&#8217;s absolutely nowhere else I&#8217;d rather be.&#8221;<\/p>\t\t\t\t\t\t\t\t<\/div>\n\t\t\t\t<\/div>\n\t\t\t\t<\/div>\n\t\t<div class=\"elementor-element elementor-element-5b47519 e-con-full e-flex e-con e-child\" data-id=\"5b47519\" data-element_type=\"container\">\n\t\t\t\t<div class=\"elementor-element elementor-element-cc91ee5 elementor-widget elementor-widget-image\" data-id=\"cc91ee5\" data-element_type=\"widget\" data-widget_type=\"image.default\">\n\t\t\t\t<div class=\"elementor-widget-container\">\n\t\t\t\t\t\t\t\t\t\t\t\t\t\t\t<img fetchpriority=\"high\" decoding=\"async\" width=\"768\" height=\"1024\" src=\"https:\/\/saje.nz\/forest\/wp-content\/uploads\/2025\/08\/Volunteer-Sheryl-Collins-1-768x1024.jpeg\" class=\"attachment-medium_large size-medium_large wp-image-3036\" alt=\"\" srcset=\"https:\/\/saje.nz\/forest\/wp-content\/uploads\/2025\/08\/Volunteer-Sheryl-Collins-1-768x1024.jpeg 768w, https:\/\/saje.nz\/forest\/wp-content\/uploads\/2025\/08\/Volunteer-Sheryl-Collins-1-225x300.jpeg 225w, https:\/\/saje.nz\/forest\/wp-content\/uploads\/2025\/08\/Volunteer-Sheryl-Collins-1-1152x1536.jpeg 1152w, https:\/\/saje.nz\/forest\/wp-content\/uploads\/2025\/08\/Volunteer-Sheryl-Collins-1-1536x2048.jpeg 1536w, https:\/\/saje.nz\/forest\/wp-content\/uploads\/2025\/08\/Volunteer-Sheryl-Collins-1-scaled.jpeg 1920w\" sizes=\"(max-width: 768px) 100vw, 768px\" \/>\t\t\t\t\t\t\t\t\t\t\t\t\t\t\t<\/div>\n\t\t\t\t<\/div>\n\t\t\t\t<div class=\"elementor-element elementor-element-c4b50f8 elementor-widget elementor-widget-image\" data-id=\"c4b50f8\" data-element_type=\"widget\" data-widget_type=\"image.default\">\n\t\t\t\t<div class=\"elementor-widget-container\">\n\t\t\t\t\t\t\t\t\t\t\t\t\t\t\t<img decoding=\"async\" width=\"768\" height=\"432\" src=\"https:\/\/saje.nz\/forest\/wp-content\/uploads\/2025\/08\/Volunteer-Sheryl-Collins-2-768x432.jpeg\" class=\"attachment-medium_large size-medium_large wp-image-3044\" alt=\"\" srcset=\"https:\/\/saje.nz\/forest\/wp-content\/uploads\/2025\/08\/Volunteer-Sheryl-Collins-2-768x432.jpeg 768w, https:\/\/saje.nz\/forest\/wp-content\/uploads\/2025\/08\/Volunteer-Sheryl-Collins-2-300x169.jpeg 300w, https:\/\/saje.nz\/forest\/wp-content\/uploads\/2025\/08\/Volunteer-Sheryl-Collins-2-1024x576.jpeg 1024w, https:\/\/saje.nz\/forest\/wp-content\/uploads\/2025\/08\/Volunteer-Sheryl-Collins-2-1536x864.jpeg 1536w, https:\/\/saje.nz\/forest\/wp-content\/uploads\/2025\/08\/Volunteer-Sheryl-Collins-2-2048x1152.jpeg 2048w\" sizes=\"(max-width: 768px) 100vw, 768px\" \/>\t\t\t\t\t\t\t\t\t\t\t\t\t\t\t<\/div>\n\t\t\t\t<\/div>\n\t\t\t\t<\/div>\n\t\t\t\t<\/div>\n\t\t<div class=\"elementor-element elementor-element-957fbbd e-con-full e-flex e-con e-parent\" data-id=\"957fbbd\" data-element_type=\"container\">\n\t\t<div class=\"elementor-element elementor-element-b8fbfe1 e-con-full e-flex e-con e-child\" data-id=\"b8fbfe1\" data-element_type=\"container\">\n\t\t\t\t<\/div>\n\t\t\t\t<\/div>\n\t\t\t\t<\/div>\n\t\t","protected":false},"excerpt":{"rendered":"<p>SHERYL COLLINS Kiwi conservation volunteer says tough, hard and exhausting work delivers the best &#8216;high&#8217; ever So here&#8217;s a question for you. What do kiwi have in common with crayfish? No? Here&#8217;s a clue: the answer can often be found deep in the forests of inland Hawke&#8217;s Bay, tramping through ferny undergrowth, face-down in leaf-litter [&hellip;]<\/p>\n","protected":false},"author":1,"featured_media":0,"parent":0,"menu_order":0,"comment_status":"closed","ping_status":"closed","template":"","meta":{"site-sidebar-layout":"no-sidebar","site-content-layout":"page-builder","ast-site-content-layout":"full-width-container","site-content-style":"unboxed","site-sidebar-style":"unboxed","ast-global-header-display":"","ast-banner-title-visibility":"","ast-main-header-display":"","ast-hfb-above-header-display":"","ast-hfb-below-header-display":"","ast-hfb-mobile-header-display":"","site-post-title":"disabled","ast-breadcrumbs-content":"","ast-featured-img":"disabled","footer-sml-layout":"","theme-transparent-header-meta":"enabled","adv-header-id-meta":"","stick-header-meta":"","header-above-stick-meta":"","header-main-stick-meta":"","header-below-stick-meta":"","astra-migrate-meta-layouts":"set","ast-page-background-enabled":"default","ast-page-background-meta":{"desktop":{"background-color":"var(--ast-global-color-4)","background-image":"","background-repeat":"repeat","background-position":"center center","background-size":"auto","background-attachment":"scroll","background-type":"","background-media":"","overlay-type":"","overlay-color":"","overlay-opacity":"","overlay-gradient":""},"tablet":{"background-color":"","background-image":"","background-repeat":"repeat","background-position":"center center","background-size":"auto","background-attachment":"scroll","background-type":"","background-media":"","overlay-type":"","overlay-color":"","overlay-opacity":"","overlay-gradient":""},"mobile":{"background-color":"","background-image":"","background-repeat":"repeat","background-position":"center center","background-size":"auto","background-attachment":"scroll","background-type":"","background-media":"","overlay-type":"","overlay-color":"","overlay-opacity":"","overlay-gradient":""}},"ast-content-background-meta":{"desktop":{"background-color":"var(--ast-global-color-5)","background-image":"","background-repeat":"repeat","background-position":"center center","background-size":"auto","background-attachment":"scroll","background-type":"","background-media":"","overlay-type":"","overlay-color":"","overlay-opacity":"","overlay-gradient":""},"tablet":{"background-color":"var(--ast-global-color-5)","background-image":"","background-repeat":"repeat","background-position":"center center","background-size":"auto","background-attachment":"scroll","background-type":"","background-media":"","overlay-type":"","overlay-color":"","overlay-opacity":"","overlay-gradient":""},"mobile":{"background-color":"var(--ast-global-color-5)","background-image":"","background-repeat":"repeat","background-position":"center center","background-size":"auto","background-attachment":"scroll","background-type":"","background-media":"","overlay-type":"","overlay-color":"","overlay-opacity":"","overlay-gradient":""}},"footnotes":""},"class_list":["post-2286","page","type-page","status-publish","hentry"],"aioseo_notices":[],"_links":{"self":[{"href":"https:\/\/saje.nz\/forest\/wp-json\/wp\/v2\/pages\/2286","targetHints":{"allow":["GET"]}}],"collection":[{"href":"https:\/\/saje.nz\/forest\/wp-json\/wp\/v2\/pages"}],"about":[{"href":"https:\/\/saje.nz\/forest\/wp-json\/wp\/v2\/types\/page"}],"author":[{"embeddable":true,"href":"https:\/\/saje.nz\/forest\/wp-json\/wp\/v2\/users\/1"}],"replies":[{"embeddable":true,"href":"https:\/\/saje.nz\/forest\/wp-json\/wp\/v2\/comments?post=2286"}],"version-history":[{"count":10,"href":"https:\/\/saje.nz\/forest\/wp-json\/wp\/v2\/pages\/2286\/revisions"}],"predecessor-version":[{"id":3047,"href":"https:\/\/saje.nz\/forest\/wp-json\/wp\/v2\/pages\/2286\/revisions\/3047"}],"wp:attachment":[{"href":"https:\/\/saje.nz\/forest\/wp-json\/wp\/v2\/media?parent=2286"}],"curies":[{"name":"wp","href":"https:\/\/api.w.org\/{rel}","templated":true}]}}